{"id":2504,"date":"2025-01-29T16:19:47","date_gmt":"2025-01-29T16:19:47","guid":{"rendered":"https:\/\/ba-wear.com\/?page_id=2504"},"modified":"2025-07-05T09:14:43","modified_gmt":"2025-07-05T09:14:43","slug":"winkelwagen","status":"publish","type":"page","link":"https:\/\/b-a-wear.com\/en\/winkelwagen\/","title":{"rendered":"Shopping cart"},"content":{"rendered":"<div data-elementor-type=\"wp-page\" data-elementor-id=\"2504\" class=\"elementor elementor-2504\" data-elementor-post-type=\"page\">\n\t\t\t\t<div class=\"elementor-element elementor-element-a2d0ac4 e-con-full e-flex wpr-particle-no wpr-jarallax-no wpr-parallax-no wpr-sticky-section-no e-con e-parent\" data-id=\"a2d0ac4\" data-element_type=\"container\" data-settings=\"{&quot;background_background&quot;:&quot;classic&quot;}\">\n\t\t<div class=\"elementor-element elementor-element-95b1ffc e-flex e-con-boxed wpr-particle-no wpr-jarallax-no wpr-parallax-no wpr-sticky-section-no e-con e-child\" data-id=\"95b1ffc\" data-element_type=\"container\">\n\t\t\t\t\t<div class=\"e-con-inner\">\n\t\t\t\t<div class=\"elementor-element elementor-element-755bca8 elementor-widget elementor-widget-eael-breadcrumbs\" data-id=\"755bca8\" data-element_type=\"widget\" data-widget_type=\"eael-breadcrumbs.default\">\n\t\t\t\t<div class=\"elementor-widget-container\">\n\t\t\t\t\t\t\t<div class=\"eael-breadcrumbs\">\n\t\t\t\t\t\t<div class=\"eael-breadcrumbs__prefix\">\n\t\t\t\t<svg aria-hidden=\"true\" class=\"e-font-icon-svg e-fas-home\" viewbox=\"0 0 576 512\" xmlns=\"http:\/\/www.w3.org\/2000\/svg\"><path d=\"M280.37 148.26L96 300.11V464a16 16 0 0 0 16 16l112.06-.29a16 16 0 0 0 15.92-16V368a16 16 0 0 1 16-16h64a16 16 0 0 1 16 16v95.64a16 16 0 0 0 16 16.05L464 480a16 16 0 0 0 16-16V300L295.67 148.26a12.19 12.19 0 0 0-15.3 0zM571.6 251.47L488 182.56V44.05a12 12 0 0 0-12-12h-56a12 12 0 0 0-12 12v72.61L318.47 43a48 48 0 0 0-61 0L4.34 251.47a12 12 0 0 0-1.6 16.9l25.5 31A12 12 0 0 0 45.15 301l235.22-193.74a12.19 12.19 0 0 1 15.3 0L530.9 301a12 12 0 0 0 16.9-1.6l25.5-31a12 12 0 0 0-1.7-16.93z\"><\/path><\/svg>\t\t\t<\/div>\n\t\t\t<div class=\"eael-breadcrumbs__content\"><a href=\"https:\/\/b-a-wear.com\/en\">Home<\/a> <span class=\"eael-breadcrumb-separator\">\/<\/span> <span class = \"eael-current\">Page<\/span><\/div>\t\t<\/div>\n\t\t\t\t\t\t<\/div>\n\t\t\t\t<\/div>\n\t\t\t\t\t<\/div>\n\t\t\t\t<\/div>\n\t\t\t\t<\/div>\n\t\t<div class=\"elementor-element elementor-element-203ebac e-con-full e-flex wpr-particle-no wpr-jarallax-no wpr-parallax-no wpr-sticky-section-no e-con e-parent\" data-id=\"203ebac\" data-element_type=\"container\">\n\t\t<div class=\"elementor-element elementor-element-740856c e-flex e-con-boxed wpr-particle-no wpr-jarallax-no wpr-parallax-no wpr-sticky-section-no e-con e-child\" data-id=\"740856c\" data-element_type=\"container\">\n\t\t\t\t\t<div class=\"e-con-inner\">\n\t\t\t\t<div class=\"elementor-element elementor-element-db10bb1 elementor-widget elementor-widget-eael-woo-cart\" data-id=\"db10bb1\" data-element_type=\"widget\" data-settings=\"{&quot;eael_woo_cart_table_components_remove_icon&quot;:{&quot;value&quot;:&quot;fas fa-times&quot;,&quot;library&quot;:&quot;fa-solid&quot;},&quot;eael_woo_cart_components_continue_shopping_icon&quot;:{&quot;value&quot;:&quot;fas fa-chevron-left&quot;,&quot;library&quot;:&quot;fa-solid&quot;}}\" data-widget_type=\"eael-woo-cart.default\">\n\t\t\t\t<div class=\"elementor-widget-container\">\n\t\t\t\t\t\t\t\t\t<div class=\"eael-woo-cart-wrapper eael-woo-cart-empty eael-woo-style-2 eael-auto-update33\">\n\t\t\t\t<div class=\"woocommerce-notices-wrapper\"><\/div><div class=\"wc-empty-cart-message\">\n\t<div class=\"cart-empty woocommerce-info\">\n\t\tUw winkelwagen is momenteel leeg.\t<\/div>\n<\/div>\t<p class=\"return-to-shop\">\n\t\t<a class=\"button wc-backward\" href=\"https:\/\/b-a-wear.com\/en\/winkel\/\">\n\t\t\tReturn to shop\t\t<\/a>\n\t<\/p>\n                <\/div>\n\t\t\t\t        <script>document.body.classList.add(\"eael-woo-cart\");<\/script>\n\t\t\t\t\t\t<\/div>\n\t\t\t\t<\/div>\n\t\t\t\t\t<\/div>\n\t\t\t\t<\/div>\n\t\t\t\t<\/div>\n\t\t\t\t<\/div>","protected":false},"excerpt":{"rendered":"<p>Home \/ Pagina Producttitel Prijs Hoeveelheid Subtotaal EXPAND CREATURE &#8211; XS, Zwart #BDND &euro;54.95 EXPAND CREATURE &#8211; XS, Zwart aantal &euro;109.90 EXPAND CREATURE &#8211; XXL, Wit #BDND &euro;54.95 EXPAND CREATURE &#8211; XXL, Wit aantal &euro;219.80 EXPAND CREATURE &#8211; XS, Wit #BDND &euro;54.95 EXPAND CREATURE &#8211; XS, Wit aantal &euro;109.90 ONE RELIGION CAPITALISM &#8211; XS, Wit #BDND &euro;54.95 ONE RELIGION CAPITALISM &#8211; XS, Wit aantal &euro;54.95 EXPAND CREATURE &#8211; S, Wit #BDND &euro;54.95 EXPAND CREATURE &#8211; S, Wit aantal &euro;54.95 Waardebon: Coupon toepassen Ga door met winkelen Winkelwagen bijwerken Subtotaal &euro;549.50 Verzending Gratis verzending Vast tarief: &euro;8.72 Verzenden naar CA. Adres wijzigen Land\/regio Selecteer een land\/regio&hellip;AfghanistanAland eilandenAlbani\u00ebAlgerijeAmerikaans-SamoaAndorraAngolaAnguillaAntarcticaAntigua en BarbudaArgentini\u00ebArmeni\u00ebArubaAustrali\u00ebAzerbeidzjanBahamasBahreinBangladeshBarbadosBelauBelgi\u00ebBelizeBeninBermudaBhutanBoeroendiBoliviaBonaire, Sint Eustatius en SabaBosni\u00eb en HerzegovinaBotswanaBouvetBrazili\u00ebBrits Indische OceaanterritoriumBruneiBulgarijeBurkina FasoCambodjaCanadaCentraal-Afrikaanse RepubliekChiliChinaChristmaseilandCocoseilandenColombiaComorenCongo-BrazzavilleCongo-KinshasaCookeilandenCosta RicaCubaCura\u00e7aoCyprusDenemarkenDjiboutiDominicaDominicaanse RepubliekDuitslandEcuadorEgypteEl SalvadorEquatoriaal-GuineaEritreaEstlandEswatiniEthiopi\u00ebFaer\u00f6erFalklandeilandenFijiFilippijnenFinlandFrankrijkFrans-GuyanaFrans-Polynesi\u00ebFranse Zuidelijke GebiedenGabonGambiaGeorgi\u00ebGhanaGibraltarGrenadaGriekenlandGroenlandGuadeloupeGuamGuatemalaGuernseyGuineaGuinee-BissauGuyanaHa\u00eftiHeard en McDonaldeilandenHondurasHongarijeHongkongIerlandIJslandIndiaIndonesi\u00ebIrakIranIsle of ManIsra\u00eblItali\u00ebIvoorkustJamaicaJapanJerseyJordani\u00ebKaaimaneilandenKaapverdi\u00ebKameroenKatarKazachstanKeniaKirgizi\u00ebKiribatiKoeweitKroati\u00ebLaosLesothoLetlandLibanonLiberiaLibi\u00ebLiechtensteinLitouwenLuxemburgMaagdeneilanden (Verenigd Koninkrijk)Maagdeneilanden (VS)MacaoMadagascarMalawiMaledivenMaleisi\u00ebMaliMaltaMarokkoMarshalleilandenMartiniqueMauritani\u00ebMauritiusMayotteMexicoMicronesi\u00ebMoldavi\u00ebMonacoMongoli\u00ebMontenegroMontserratMozambiqueMyanmarNamibi\u00ebNauruNederlandNepalNicaraguaNieuw-Caledoni\u00ebNieuw-ZeelandNigerNigeriaNiueNoord Macedoni\u00ebNoord-KoreaNoordelijke MarianenNoorwegenNorfolk IslandOegandaOekra\u00efneOezbekistanOmanOost-TimorOostenrijkPakistanPalestijnse GebiedenPanamaPapoea-Nieuw-GuineaParaguayPeruPitcairnPolenPortugalPuerto RicoR\u00e9unionRoemeni\u00ebRuslandRwandaSaint Kitts en NevisSaint LuciaSaint Vincent en de GrenadinesSaint-Pierre en MiquelonSalomonseilandenSamoaSan MarinoSao Tom&eacute; en PrincipeSaudi-Arabi\u00ebSenegalServi\u00ebSeychellenSierra LeoneSingaporeSint MaartenSint-BartholomeusSint-HelenaSint-Maarten (Frans deel)Sloveni\u00ebSlowakijeSoedanSomali\u00ebSpanjeSpitsbergen en Jan MayenSri LankaSurinameSyri\u00ebTadzjikistanTaiwanTanzaniaThailandTogoTokelauTongaTrinidad en TobagoTsjaadTsjechi\u00ebTunesi\u00ebTurkijeTurkmenistanTurks- en CaicoseilandenTuvaluUruguayVanuatuVaticaanVenezuelaVerenigd Koninkrijk (UK)Verenigde Arabische EmiratenVerenigde Staten (US)Verenigde Staten (VS) Kleine Afgelegen EilandenVietnamWallis en FutunaWestelijke SaharaWit-RuslandYemenZambiaZimbabweZuid-AfrikaZuid-Georgia en de Zuidelijke SandwicheilandenZuid-KoreaZuid-SoedanZwedenZwitserland Staat\/provincie Selecteer een optie&hellip;AlabamaAlaskaArizonaArkansasCaliforni\u00ebColoradoConnecticutDelawareDistrict of ColumbiaFloridaGeorgiaHawaiiIdahoIllinoisIndianaIowaKansasKentuckyLouisianaMaineMarylandMassachusettsMichiganMinnesotaMississippiMissouriMontanaNebraskaNevadaNew HampshireNew JerseyNew MexicoNew YorkNorth CarolinaNorth DakotaOhioOklahomaOregonPennsylvaniaRhode IslandSouth CarolinaSouth DakotaTennesseeTexasUtahVermontVirginiaWashingtonWest VirginiaWisconsinWyomingArmed Forces (AA)Armed Forces (AE)Armed Forces (AP) Plaats: Postcode: Update Totaal &euro;549.50 (inclusief &euro;95.37 Belasting) Ga naar afrekenen<\/p>","protected":false},"author":1,"featured_media":0,"parent":0,"menu_order":0,"comment_status":"closed","ping_status":"closed","template":"elementor_header_footer","meta":{"_eb_attr":"","site-sidebar-layout":"no-sidebar","site-content-layout":"","ast-site-content-layout":"full-width-container","site-content-style":"default","site-sidebar-style":"default","ast-global-header-display":"","ast-banner-title-visibility":"","ast-main-header-display":"","ast-hfb-above-header-display":"","ast-hfb-below-header-display":"","ast-hfb-mobile-header-display":"","site-post-title":"disabled","ast-breadcrumbs-content":"","ast-featured-img":"disabled","footer-sml-layout":"","theme-transparent-header-meta":"","adv-header-id-meta":"","stick-header-meta":"","header-above-stick-meta":"","header-main-stick-meta":"","header-below-stick-meta":"","astra-migrate-meta-layouts":"default","ast-page-background-enabled":"default","ast-page-background-meta":{"desktop":{"background-color":"var(--ast-global-color-5)","background-image":"","background-repeat":"repeat","background-position":"center center","background-size":"auto","background-attachment":"scroll","background-type":"","background-media":"","overlay-type":"","overlay-color":"","overlay-opacity":"","overlay-gradient":""},"tablet":{"background-color":"","background-image":"","background-repeat":"repeat","background-position":"center center","background-size":"auto","background-attachment":"scroll","background-type":"","background-media":"","overlay-type":"","overlay-color":"","overlay-opacity":"","overlay-gradient":""},"mobile":{"background-color":"","background-image":"","background-repeat":"repeat","background-position":"center center","background-size":"auto","background-attachment":"scroll","background-type":"","background-media":"","overlay-type":"","overlay-color":"","overlay-opacity":"","overlay-gradient":""}},"ast-content-background-meta":{"desktop":{"background-color":"var(--ast-global-color-4)","background-image":"","background-repeat":"repeat","background-position":"center center","background-size":"auto","background-attachment":"scroll","background-type":"","background-media":"","overlay-type":"","overlay-color":"","overlay-opacity":"","overlay-gradient":""},"tablet":{"background-color":"var(--ast-global-color-4)","background-image":"","background-repeat":"repeat","background-position":"center center","background-size":"auto","background-attachment":"scroll","background-type":"","background-media":"","overlay-type":"","overlay-color":"","overlay-opacity":"","overlay-gradient":""},"mobile":{"background-color":"var(--ast-global-color-4)","background-image":"","background-repeat":"repeat","background-position":"center center","background-size":"auto","background-attachment":"scroll","background-type":"","background-media":"","overlay-type":"","overlay-color":"","overlay-opacity":"","overlay-gradient":""}},"footnotes":""},"class_list":["post-2504","page","type-page","status-publish","hentry"],"acf":[],"_links":{"self":[{"href":"https:\/\/b-a-wear.com\/en\/wp-json\/wp\/v2\/pages\/2504","targetHints":{"allow":["GET"]}}],"collection":[{"href":"https:\/\/b-a-wear.com\/en\/wp-json\/wp\/v2\/pages"}],"about":[{"href":"https:\/\/b-a-wear.com\/en\/wp-json\/wp\/v2\/types\/page"}],"author":[{"embeddable":true,"href":"https:\/\/b-a-wear.com\/en\/wp-json\/wp\/v2\/users\/1"}],"replies":[{"embeddable":true,"href":"https:\/\/b-a-wear.com\/en\/wp-json\/wp\/v2\/comments?post=2504"}],"version-history":[{"count":5,"href":"https:\/\/b-a-wear.com\/en\/wp-json\/wp\/v2\/pages\/2504\/revisions"}],"predecessor-version":[{"id":2509,"href":"https:\/\/b-a-wear.com\/en\/wp-json\/wp\/v2\/pages\/2504\/revisions\/2509"}],"wp:attachment":[{"href":"https:\/\/b-a-wear.com\/en\/wp-json\/wp\/v2\/media?parent=2504"}],"curies":[{"name":"wp","href":"https:\/\/api.w.org\/{rel}","templated":true}]}}